{"id":957,"date":"2025-04-13T20:14:26","date_gmt":"2025-04-13T18:14:26","guid":{"rendered":"https:\/\/new.airnfield.cologne\/mgv-wv\/index.php\/home\/"},"modified":"2025-08-30T21:05:54","modified_gmt":"2025-08-30T19:05:54","slug":"home","status":"publish","type":"page","link":"https:\/\/mgv-wahrenholz.de\/","title":{"rendered":"Home"},"content":{"rendered":"\n<div class=\"wp-block-uagb-container uagb-block-aeda0eb1 alignfull uagb-is-root-container\"><div class=\"uagb-container-inner-blocks-wrap\">\n<div class=\"wp-block-uagb-container uagb-block-96da0ee4\">\n<div class=\"wp-block-uagb-info-box uagb-block-d4e1676b uagb-infobox__content-wrap  uagb-infobox-icon-above-title uagb-infobox-image-valign-top wp-block-uagb-info-box--has-margin\"><div class=\"uagb-infobox-margin-wrapper\"><div class=\"uagb-ifb-content\"><div class=\"uagb-ifb-title-wrap\"><h1 class=\"uagb-ifb-title\">Wir singen auch f\u00fcr dich!<\/h1><\/div><p class=\"uagb-ifb-desc\">MGV Wahrenholz\/Vorhop<br>c\/o Olaf Balke, Hohe Luft 6, 29399 Wahrenholz<\/p><div class=\"uagb-ifb-button-wrapper wp-block-button\"><a href=\"?page_id=2170\" class=\"uagb-infobox-cta-link wp-block-button__link\" target=\"_blank\" rel=\"noopener noreferrer\" onclick=\"return true;\"><span class=\"uagb-inline-editing\">Du m\u00f6chtest mitsingen?<\/span><\/a><\/div><\/div><\/div><\/div>\n<\/div>\n<\/div><\/div>\n\n\n\n<div class=\"wp-block-uagb-container uagb-block-215e01d2 alignfull uagb-is-root-container\"><div class=\"uagb-container-inner-blocks-wrap\">\n<div class=\"wp-block-uagb-advanced-heading uagb-block-b5dc224c\"><h1 class=\"uagb-heading-text\">Aktuelles<\/h1><\/div>\n<\/div><\/div>\n\n\n<ul class=\"wp-block-latest-posts__list wp-block-latest-posts\"><li><a class=\"wp-block-latest-posts__post-title\" href=\"https:\/\/mgv-wahrenholz.de\/?p=2987\">Chorfreizeit des MGV Wahrenholz-Vorhop<\/a><div class=\"wp-block-latest-posts__post-full-content\"><!-- wp:uagb\/info-box {\"classMigrate\":true,\"tempHeadingDesc\":\"Eine intensive Probenarbeit bildete den Mittelpunkt einer dreit\u00e4gigen Chorfreizeit des M\u00e4nnergesangvereins (MGV) Wahrenholz-Vorhop. Die Vorstandsmitglieder um Gesch\u00e4ftsf\u00fchrer Eckhard Evers hatten in diesem Jahr f\u00fcr ein Wochenende einen \u00dcbungsraum im Heidehotel in Bad Bevensen ausgew\u00e4hlt und gebucht. Chorleiter R\u00fcdiger Vopel konnte dazu ab Freitagnachmittag \u00fcber 20 S\u00e4nger des M\u00e4nnerchores zu insgesamt sieben Probenabschnitten begr\u00fc\u00dfen.\\u003cbr\\u003eNach seinen Worten sieht er den Sinn einer Chorfreizeit darin, dass neue Lieder in mehreren Proben durch konzentrierte Arbeit in kurzen Abst\u00e4nden schnell und intensiv von den S\u00e4ngern verinnerlicht werden. So wurden sowohl neue klassische als auch moderne Lieder im vierstimmigen Chorsatz einge\u00fcbt. Zudem wurde altes, bekanntes Liedgut wieder einmal aufgearbeitet. Die Auswahl der Lieder umfasste in diesem Jahr insbesondere auch die Gesangsbeitr\u00e4ge f\u00fcr das musikalische Programm als Vorbereitung auf das 125-j\u00e4hrige Jubil\u00e4um des M\u00e4nnerchores, das vom 18. bis 20 September in Wahrenholz gefeiert werden soll.\\u003cbr\\u003eDie \u00d6rtlichkeiten in Bad Bevensen boten aber auch einen geeigneten Rahmen und so wurde an den drei Tagen auch die Chorgemeinschaft gef\u00f6rdert und gefestigt. Der 1. Vorsitzende des MGV, Olaf Balke, dankte dem Chorleiter f\u00fcr seine Anleitungen und freut sich schon darauf, dass die neuen Lieder der \u00d6ffentlichkeit im Laufe des Jahres nicht nur im Rahmen des Jubil\u00e4ums sondern auch beim Maisingen und beim Heidesingen im August pr\u00e4sentiert werden k\u00f6nnen.\",\"headingAlign\":\"left\",\"subHeadingColor\":\"\",\"source_type\":\"image\",\"block_id\":\"cc6e7bf1\",\"iconImage\":{\"uploading\":false,\"date\":\"2026-03-18T16:42:28.000Z\",\"filename\":\"5386-2026-5-0-00000000000044331720-0-1773748207-e1773853417113.png\",\"menuOrder\":0,\"uploadedTo\":2987,\"type\":\"image\",\"subtype\":\"png\",\"id\":2988,\"title\":\"5386-2026-5-0-00000000000044331720-0-1773748207\",\"url\":\"https:\/\/mgv-wahrenholz.de\/wp-content\/uploads\/2026\/03\/5386-2026-5-0-00000000000044331720-0-1773748207.png\",\"link\":\"https:\/\/mgv-wahrenholz.de\/?attachment_id=2988\",\"alt\":\"\",\"author\":\"1\",\"description\":\"\",\"caption\":\"\",\"name\":\"5386-2026-5-0-00000000000044331720-0-1773748207\",\"status\":\"inherit\",\"modified\":\"2026-03-18T16:42:28.000Z\",\"mime\":\"image\/png\",\"icon\":\"https:\/\/mgv-wahrenholz.de\/wp-includes\/images\/media\/default.svg\",\"dateFormatted\":\"18. M\u00e4rz 2026\",\"nonces\":{\"update\":\"2290d29e1a\",\"delete\":\"c0c3e7a33d\",\"edit\":\"25b4bcfc15\"},\"editLink\":\"https:\/\/mgv-wahrenholz.de\/wp-admin\/post.php?post=2988\\u0026amp;action=edit\",\"meta\":false,\"authorName\":\"mgv-admin\",\"authorLink\":\"https:\/\/mgv-wahrenholz.de\/wp-admin\/profile.php\",\"uploadedToTitle\":\"Chorfreizeit des MGV Wahrenholz-Vorhop\",\"uploadedToLink\":\"https:\/\/mgv-wahrenholz.de\/wp-admin\/post.php?post=2987\\u0026amp;action=edit\",\"filesizeInBytes\":1177860,\"filesizeHumanReadable\":\"1 MB\",\"context\":\"\",\"height\":507,\"width\":1024,\"orientation\":\"landscape\",\"sizes\":{\"thumbnail\":{\"height\":150,\"width\":150,\"url\":\"https:\/\/mgv-wahrenholz.de\/wp-content\/uploads\/2026\/03\/5386-2026-5-0-00000000000044331720-0-1773748207-e1773853417113-150x150.png\",\"orientation\":\"landscape\"},\"medium\":{\"height\":149,\"width\":300,\"url\":\"https:\/\/mgv-wahrenholz.de\/wp-content\/uploads\/2026\/03\/5386-2026-5-0-00000000000044331720-0-1773748207-e1773853417113-300x149.png\",\"orientation\":\"landscape\"},\"full\":{\"url\":\"https:\/\/mgv-wahrenholz.de\/wp-content\/uploads\/2026\/03\/5386-2026-5-0-00000000000044331720-0-1773748207-e1773853417113.png\",\"height\":507,\"width\":1024,\"orientation\":\"landscape\"}},\"compat\":{\"item\":\"\",\"meta\":\"\"}},\"imageSize\":\"full\",\"imgTagWidth\":1024,\"btnBorderTopWidth\":1,\"btnBorderLeftWidth\":1,\"btnBorderRightWidth\":1,\"btnBorderBottomWidth\":1,\"btnBorderTopLeftRadius\":0,\"btnBorderTopRightRadius\":0,\"btnBorderBottomLeftRadius\":0,\"btnBorderBottomRightRadius\":0,\"btnBorderStyle\":\"solid\",\"btnBorderColor\":\"#333\"} -->\n<div class=\"wp-block-uagb-info-box uagb-block-cc6e7bf1 uagb-infobox__content-wrap  uagb-infobox-icon-above-title uagb-infobox-image-valign-top\"><div class=\"uagb-ifb-content\"><div class=\"uagb-ifb-image-content\"><img decoding=\"async\" src=\"https:\/\/mgv-wahrenholz.de\/wp-content\/uploads\/2026\/03\/5386-2026-5-0-00000000000044331720-0-1773748207-e1773853417113.png\" alt=\"\" width=\"\" height=\"0\" loading=\"lazy\" \/><\/div><div class=\"uagb-ifb-title-wrap\"><\/div><p class=\"uagb-ifb-desc\">Eine intensive Probenarbeit bildete den Mittelpunkt einer dreit\u00e4gigen Chorfreizeit des M\u00e4nnergesangvereins (MGV) Wahrenholz-Vorhop. Die Vorstandsmitglieder um Gesch\u00e4ftsf\u00fchrer Eckhard Evers hatten in diesem Jahr f\u00fcr ein Wochenende einen \u00dcbungsraum im Heidehotel in Bad Bevensen ausgew\u00e4hlt und gebucht. Chorleiter R\u00fcdiger Vopel konnte dazu ab Freitagnachmittag \u00fcber 20 S\u00e4nger des M\u00e4nnerchores zu insgesamt sieben Probenabschnitten begr\u00fc\u00dfen.<br>Nach seinen Worten sieht er den Sinn einer Chorfreizeit darin, dass neue Lieder in mehreren Proben durch konzentrierte Arbeit in kurzen Abst\u00e4nden schnell und intensiv von den S\u00e4ngern verinnerlicht werden. So wurden sowohl neue klassische als auch moderne Lieder im vierstimmigen Chorsatz einge\u00fcbt. Zudem wurde altes, bekanntes Liedgut wieder einmal aufgearbeitet. Die Auswahl der Lieder umfasste in diesem Jahr insbesondere auch die Gesangsbeitr\u00e4ge f\u00fcr das musikalische Programm als Vorbereitung auf das 125-j\u00e4hrige Jubil\u00e4um des M\u00e4nnerchores, das vom 18. bis 20 September in Wahrenholz gefeiert werden soll.<br>Die \u00d6rtlichkeiten in Bad Bevensen boten aber auch einen geeigneten Rahmen und so wurde an den drei Tagen auch die Chorgemeinschaft gef\u00f6rdert und gefestigt. Der 1. Vorsitzende des MGV, Olaf Balke, dankte dem Chorleiter f\u00fcr seine Anleitungen und freut sich schon darauf, dass die neuen Lieder der \u00d6ffentlichkeit im Laufe des Jahres nicht nur im Rahmen des Jubil\u00e4ums sondern auch beim Maisingen und beim Heidesingen im August pr\u00e4sentiert werden k\u00f6nnen.<\/p><\/div><\/div>\n<!-- \/wp:uagb\/info-box -->\n\n<!-- wp:paragraph -->\n<p><\/p>\n<!-- \/wp:paragraph --><\/div><\/li>\n<\/ul>\n\n\n<p class=\"has-link-color wp-elements-00a4295958af73adcf03bfffb84352e1\">Du kannst auch unsere <a href=\"?page_id=2145\" data-type=\"page\" data-id=\"2145\">\u00e4lteren Nachrichten<\/a> lesen.<\/p>\n\n\n\n<div class=\"wp-block-uagb-container uagb-block-ecc1b048 alignfull uagb-is-root-container\"><div class=\"uagb-container-inner-blocks-wrap\">\n<div class=\"wp-block-uagb-advanced-heading uagb-block-5c51f613\"><h1 class=\"uagb-heading-text\">Unsere n\u00e4chste Veranstaltung<\/h1><\/div>\n<\/div><\/div>\n\n\n<ul class=\"wp-block-latest-posts__list has-link-color wp-elements-72a9bc6c0fcdd99675b6a58aac8d42ac wp-block-latest-posts\"><li><a class=\"wp-block-latest-posts__post-title\" href=\"https:\/\/mgv-wahrenholz.de\/?p=2991\">Maisingen<\/a><div class=\"wp-block-latest-posts__post-full-content\"><!-- wp:uagb\/info-box {\"classMigrate\":true,\"tempHeadingDesc\":\"Der M\u00e4nnergesangverein Wahrenholz-Vorhop veranstaltet am 01.05.2026 das Maisingen, das aus drei Auftritten an drei zentralen Orten in Wahrenholz besteht.\\u003cbr\\u003eWir laden herzlich ein zum Zuh\u00f6ren und Mitsingen.\\u003cbr\\u003e\\u003cbr\\u003eDie 3 Auftritte im Einzelnen:\\u003cbr\\u003e- ab 14:30 Uhr hinter der Alten Schmiede\\u003cbr\\u003e- ab ca. 15:15 Uhr im Katzenhagen 3 bei den Ise-Bauern\\u003cbr\\u003e- ab ca. 16:15 Uhr vorm L\u00f6nsweg 4\",\"headingAlign\":\"left\",\"subHeadingColor\":\"\",\"source_type\":\"image\",\"block_id\":\"cc6e7bf1\",\"iconImage\":{\"id\":2596,\"title\":\"Einsingen am Schafstall\",\"filename\":\"Einsingen-am-Schafstall.jpeg\",\"url\":\"https:\/\/mgv-wahrenholz.de\/wp-content\/uploads\/2025\/04\/Einsingen-am-Schafstall.jpeg\",\"link\":\"https:\/\/mgv-wahrenholz.de\/?attachment_id=2596\",\"alt\":\"\",\"author\":\"1\",\"description\":\"\",\"caption\":\"\",\"name\":\"einsingen-am-schafstall\",\"status\":\"inherit\",\"uploadedTo\":0,\"date\":\"2025-04-19T15:22:36.000Z\",\"modified\":\"2025-04-19T15:22:36.000Z\",\"menuOrder\":0,\"mime\":\"image\/jpeg\",\"type\":\"image\",\"subtype\":\"jpeg\",\"icon\":\"https:\/\/mgv-wahrenholz.de\/wp-includes\/images\/media\/default.svg\",\"dateFormatted\":\"19. April 2025\",\"nonces\":{\"update\":\"6dfff00371\",\"delete\":\"bf54abba2b\",\"edit\":\"26eda10910\"},\"editLink\":\"https:\/\/mgv-wahrenholz.de\/wp-admin\/post.php?post=2596\\u0026amp;action=edit\",\"meta\":false,\"authorName\":\"mgv-admin\",\"authorLink\":\"https:\/\/mgv-wahrenholz.de\/wp-admin\/profile.php\",\"filesizeInBytes\":487605,\"filesizeHumanReadable\":\"476 KB\",\"context\":\"\",\"height\":864,\"width\":1296,\"orientation\":\"landscape\",\"sizes\":{\"thumbnail\":{\"height\":150,\"width\":150,\"url\":\"https:\/\/mgv-wahrenholz.de\/wp-content\/uploads\/2025\/04\/Einsingen-am-Schafstall-150x150.jpeg\",\"orientation\":\"landscape\"},\"medium\":{\"height\":200,\"width\":300,\"url\":\"https:\/\/mgv-wahrenholz.de\/wp-content\/uploads\/2025\/04\/Einsingen-am-Schafstall-300x200.jpeg\",\"orientation\":\"landscape\"},\"large\":{\"height\":683,\"width\":1024,\"url\":\"https:\/\/mgv-wahrenholz.de\/wp-content\/uploads\/2025\/04\/Einsingen-am-Schafstall-1024x683.jpeg\",\"orientation\":\"landscape\"},\"full\":{\"url\":\"https:\/\/mgv-wahrenholz.de\/wp-content\/uploads\/2025\/04\/Einsingen-am-Schafstall.jpeg\",\"height\":864,\"width\":1296,\"orientation\":\"landscape\"}},\"compat\":{\"item\":\"\",\"meta\":\"\"}},\"imageSize\":\"full\",\"imgTagWidth\":1296,\"btnBorderTopWidth\":1,\"btnBorderLeftWidth\":1,\"btnBorderRightWidth\":1,\"btnBorderBottomWidth\":1,\"btnBorderTopLeftRadius\":0,\"btnBorderTopRightRadius\":0,\"btnBorderBottomLeftRadius\":0,\"btnBorderBottomRightRadius\":0,\"btnBorderStyle\":\"solid\",\"btnBorderColor\":\"#333\"} -->\n<div class=\"wp-block-uagb-info-box uagb-block-cc6e7bf1 uagb-infobox__content-wrap  uagb-infobox-icon-above-title uagb-infobox-image-valign-top\"><div class=\"uagb-ifb-content\"><div class=\"uagb-ifb-image-content\"><img decoding=\"async\" src=\"https:\/\/mgv-wahrenholz.de\/wp-content\/uploads\/2025\/04\/Einsingen-am-Schafstall.jpeg\" alt=\"\" width=\"\" height=\"0\" loading=\"lazy\" \/><\/div><div class=\"uagb-ifb-title-wrap\"><\/div><p class=\"uagb-ifb-desc\">Der M\u00e4nnergesangverein Wahrenholz-Vorhop veranstaltet am 01.05.2026 das Maisingen, das aus drei Auftritten an drei zentralen Orten in Wahrenholz besteht.<br>Wir laden herzlich ein zum Zuh\u00f6ren und Mitsingen.<br><br>Die 3 Auftritte im Einzelnen:<br>&#8211; ab 14:30 Uhr hinter der Alten Schmiede<br>&#8211; ab ca. 15:15 Uhr im Katzenhagen 3 bei den Ise-Bauern<br>&#8211; ab ca. 16:15 Uhr vorm L\u00f6nsweg 4<\/p><\/div><\/div>\n<!-- \/wp:uagb\/info-box -->\n\n<!-- wp:paragraph -->\n<p><\/p>\n<!-- \/wp:paragraph --><\/div><\/li>\n<\/ul>\n\n\n<p class=\"has-link-color wp-elements-040f22dddc00d70cd78b1a146a4d4ce1\">Du kannst auch <a href=\"?page_id=2138\" data-type=\"page\" data-id=\"2145\">alle unsere anstehenden Veranstaltungen<\/a> ansehen.<\/p>\n\n\n\n<div class=\"wp-block-uagb-container uagb-block-cb395a39 alignfull uagb-is-root-container\"><div class=\"uagb-container-inner-blocks-wrap\">\n<div class=\"wp-block-uagb-advanced-heading uagb-block-a9d4e755\"><h1 class=\"uagb-heading-text\">Wer sind wir?<\/h1><\/div>\n<\/div><\/div>\n\n\n\n<div class=\"wp-block-uagb-container uagb-layout-grid uagb-block-97019a11 alignfull uagb-is-root-container\"><div class=\"uagb-container-inner-blocks-wrap\">\n<div class=\"wp-block-uagb-advanced-heading uagb-block-ca2d5dec\"><h2 class=\"uagb-heading-text\">Wer sind wir?<\/h2><p class=\"uagb-desc-text\">Zurzeit sind wir knapp 40 aktive S\u00e4nger, die sich auf zwei Tenor- und zwei Bass-Stimmen aufteilen.  Und <a href=\"?page_id=904\" data-type=\"page\" data-id=\"2145\">hier stellen wir uns vor<\/a>.<\/p><\/div>\n<\/div><\/div>\n\n\n\n<div class=\"wp-block-uagb-container uagb-block-b35b9b4b alignfull uagb-is-root-container\"><div class=\"uagb-container-inner-blocks-wrap\">\n<div class=\"wp-block-uagb-advanced-heading uagb-block-69039aaa\"><h1 class=\"uagb-heading-text\">Musikalische Reise durch die Zeit<\/h1><\/div>\n<\/div><\/div>\n\n\n\n<div class=\"wp-block-uagb-container uagb-layout-grid uagb-block-db5daf5d alignfull uagb-is-root-container\"><div class=\"uagb-container-inner-blocks-wrap\">\n<div class=\"wp-block-uagb-advanced-heading uagb-block-8630c27c\"><h2 class=\"uagb-heading-text\">Aus der Geschichte des MGV<\/h2><p class=\"uagb-desc-text\">In fast 125 Jahren haben wir nat\u00fcrlich schon viel erlebt. In dieser Rubrik k\u00f6nnt ihr von unserem Archivar erfahren, was so alles beim MGV passiert ist.<\/p><\/div>\n<\/div><\/div>\n\n\n<ul class=\"wp-block-latest-posts__list wp-block-latest-posts\"><li><a class=\"wp-block-latest-posts__post-title\" href=\"https:\/\/mgv-wahrenholz.de\/?p=2778\">Gr\u00fcndung des MGV im Jahre 1901<\/a><div class=\"wp-block-latest-posts__post-full-content\"><!-- wp:uagb\/info-box {\"classMigrate\":true,\"tempHeadingDesc\":\"\\u003cem\\u003eLang ist's her, aber dennoch gibt es in der Vereinschronik noch ein paar Erinnerungen an dieses Ereignis:\\u003c\/em\\u003e\",\"headingAlign\":\"left\",\"subHeadingColor\":\"\",\"source_type\":\"image\",\"block_id\":\"cc6e7bf1\",\"iconImage\":{\"id\":2127,\"title\":\"cropped-cropped-mgv-logo.png\",\"filename\":\"cropped-cropped-mgv-logo-e1746004936310.png\",\"url\":\"https:\/\/mgv-wahrenholz.de\/wp-content\/uploads\/2025\/04\/cropped-cropped-mgv-logo-e1746004936310.png\",\"link\":\"https:\/\/mgv-wahrenholz.de\/?attachment_id=2127\",\"alt\":\"\",\"author\":\"1\",\"description\":\"https:\/\/new.airnfield.cologne\/mgv-wv\/wp-content\/uploads\/2025\/04\/cropped-mgv-logo.png\",\"caption\":\"\",\"name\":\"cropped-cropped-mgv-logo-png\",\"status\":\"inherit\",\"uploadedTo\":2126,\"date\":\"2025-04-13T18:24:58.000Z\",\"modified\":\"2025-04-13T18:24:58.000Z\",\"menuOrder\":0,\"mime\":\"image\/png\",\"type\":\"image\",\"subtype\":\"png\",\"icon\":\"https:\/\/mgv-wahrenholz.de\/wp-includes\/images\/media\/default.svg\",\"dateFormatted\":\"13. April 2025\",\"nonces\":{\"update\":\"ddb2e3fb5a\",\"delete\":\"c0f33263fb\",\"edit\":\"e265a5489c\"},\"editLink\":\"https:\/\/mgv-wahrenholz.de\/wp-admin\/post.php?post=2127\\u0026amp;action=edit\",\"meta\":false,\"authorName\":\"mgv-admin\",\"authorLink\":\"https:\/\/mgv-wahrenholz.de\/wp-admin\/profile.php\",\"uploadedToTitle\":\"cropped-mgv-logo.png\",\"uploadedToLink\":\"https:\/\/mgv-wahrenholz.de\/wp-admin\/post.php?post=2126\\u0026amp;action=edit\",\"filesizeInBytes\":8045,\"filesizeHumanReadable\":\"8 kB\",\"context\":\"custom-logo\",\"height\":113,\"width\":105,\"orientation\":\"portrait\",\"sizes\":{\"full\":{\"url\":\"https:\/\/mgv-wahrenholz.de\/wp-content\/uploads\/2025\/04\/cropped-cropped-mgv-logo-e1746004936310.png\",\"height\":113,\"width\":105,\"orientation\":\"portrait\"}},\"compat\":{\"item\":\"\",\"meta\":\"\"},\"mediaStates\":\"Logo\"},\"imageSize\":\"full\",\"imgTagWidth\":105,\"btnBorderTopWidth\":1,\"btnBorderLeftWidth\":1,\"btnBorderRightWidth\":1,\"btnBorderBottomWidth\":1,\"btnBorderTopLeftRadius\":0,\"btnBorderTopRightRadius\":0,\"btnBorderBottomLeftRadius\":0,\"btnBorderBottomRightRadius\":0,\"btnBorderStyle\":\"solid\",\"btnBorderColor\":\"#333\"} -->\n<div class=\"wp-block-uagb-info-box uagb-block-cc6e7bf1 uagb-infobox__content-wrap  uagb-infobox-icon-above-title uagb-infobox-image-valign-top\"><div class=\"uagb-ifb-content\"><div class=\"uagb-ifb-image-content\"><img decoding=\"async\" src=\"https:\/\/mgv-wahrenholz.de\/wp-content\/uploads\/2025\/04\/cropped-cropped-mgv-logo-e1746004936310.png\" alt=\"\" width=\"\" height=\"0\" loading=\"lazy\" \/><\/div><div class=\"uagb-ifb-title-wrap\"><h3 class=\"uagb-ifb-title\">Gr\u00fcndung des MGV im Jahre 1901<\/h3><\/div><p class=\"uagb-ifb-desc\"><em>Lang ist&#8217;s her, aber dennoch gibt es in der Vereinschronik noch ein paar Erinnerungen an dieses Ereignis:<\/em><\/p><\/div><\/div>\n<!-- \/wp:uagb\/info-box -->\n\n<!-- wp:paragraph -->\n<p>Mehr als f\u00fcnfzig Jahre sind dar\u00fcber hingegangen, als unser heutiger M\u00e4nnergesangverein hier in Wahrenholz gegr\u00fcndet wurde. Gesungen wurde lange vordem, ein gemischter Chor, unter Lehrer \u00d6lschl\u00e4ger, und sp\u00e4ter H\u00f6sermann. Leider sind hiervon keine Aufzeichnungen mehr vorhanden. Viele treue Mitglieder weilen heute nicht mehr unter uns. Sie deckt der gr\u00fcne Rasen. Ihrer wollen wir stets in Ehre und Liebe gedenken und geloben, ihr Werk weiter zu pflegen und an unsere Jugend zu \u00fcbertragen. So werden es kommende Geschlechter \u00fcbernehmen.<\/p>\n<!-- \/wp:paragraph -->\n\n<!-- wp:paragraph -->\n<p>Es war Herbst 1901, als einige M\u00e4nner den Entschluss fassten, einen neuen Chor zu gr\u00fcnden. Sie lie\u00dfen durch den alten Nachtw\u00e4chter Meier ausrufen, dass alle M\u00e4nner, die gewillt w\u00e4ren mitzusingen, sich am folgenden Abend in der Gastwirtschaft Matthies einfinden sollten. Dieser Aufruf hatte vollen Erfolg, es erschienen ungef\u00e4hr sechzig Mann. Ein Zeichen gro\u00dfer Sangesfreudigkeit. So wurde an dem Abend dann unser heutiger M\u00e4nnergesangverein gegr\u00fcndet. Als \u00dcbungsabend wurde der Donnerstagabend festgesetzt. Die Dirigentschaft \u00fcbernahm der Lehrer Ernst Giesecke, der zu damaliger Zeit in Westerholz unterrichtete. Erster Vorstand wurde Heinrich Meier, Schneidermeister an der Kirche. Heinrich S\u00f6lter, Barbier, wurde Kassierer, beide ohne Stellvertreter.<\/p>\n<!-- \/wp:paragraph -->\n\n<!-- wp:paragraph -->\n<p>Der erste \u00dcbungsabend war gekommen. Es gab gro\u00dfe M\u00fche, diese vielen S\u00e4nger erstmal einzugliedern. Als erstes wurde mit dem Liede \u201eEintracht und Liebe&#8220; begonnen, welches mit Geige bzw. mit dem alten Matthiesschen Tafelklavier einge\u00fcbt wurde. Am ersten Gesangsabend wurde nicht viel erreicht. Als es dann aber am zweiten und dritten Abend noch nicht ging, verlor der Dirigent die Geduld, denn es waren doch wohl nicht alle S\u00e4nger mit musikalischem Geh\u00f6r, die sich gemeldet hatten. Der Chorleiter machte nun den Vorschlag, denjenigen, die sich nicht sicher glaubten, doch lieber passiv einzutreten. Erfolg war: am vierten \u00dcbungsabend erschienen noch zwanzig Mann, das war nun der Stamm, und so mithin die Gr\u00fcnder des Vereins. Jeder S\u00e4nger wurde nun nach vorangegangener Pr\u00fcfung in die richtige Stimme eingestuft. Das Singen klappte, auch das Lied \u201eEintracht und Liebe&#8220;.<\/p>\n<!-- \/wp:paragraph --><\/div><\/li>\n<\/ul>\n\n\n<p class=\"has-link-color wp-elements-d467e771716395912e8a1bae0600f821\">Du kannst auch <a href=\"?page_id=2762\" data-type=\"page\" data-id=\"2145\">alle Geschichten aus unserer Chronik<\/a> lesen.<\/p>\n\n\n\n<div class=\"wp-block-uagb-container uagb-block-43f72c99 alignfull uagb-is-root-container\"><div class=\"uagb-container-inner-blocks-wrap\">\n<div class=\"wp-block-uagb-advanced-heading uagb-block-5bab9aaa\"><h1 class=\"uagb-heading-text\">Wir suchen dich!<\/h1><\/div>\n<\/div><\/div>\n\n\n\n<div class=\"wp-block-uagb-container uagb-layout-grid uagb-block-e65a7ffa alignfull uagb-is-root-container\"><div class=\"uagb-container-inner-blocks-wrap\">\n<div class=\"wp-block-uagb-advanced-heading uagb-block-38999b67\"><h2 class=\"uagb-heading-text\">Wir suchen dich!<\/h2><\/div>\n<\/div><\/div>\n","protected":false},"excerpt":{"rendered":"<p>Aktuelles Du kannst auch unsere \u00e4lteren Nachrichten lesen. Unsere n\u00e4chste Veranstaltung Du kannst auch alle unsere anstehenden Veranstaltungen ansehen. Wer sind wir? Wer sind wir? Zurzeit sind wir knapp 40 aktive S\u00e4nger, die sich auf zwei Tenor- und zwei Bass-Stimmen aufteilen. Und hier stellen wir uns vor. Musikalische Reise durch die Zeit Aus der Geschichte [&hellip;]<\/p>\n","protected":false},"author":1,"featured_media":0,"parent":0,"menu_order":0,"comment_status":"closed","ping_status":"closed","template":"","meta":{"_uag_custom_page_level_css":"","site-sidebar-layout":"default","site-content-layout":"plain-container","ast-site-content-layout":"normal-width-container","site-content-style":"unboxed","site-sidebar-style":"unboxed","ast-global-header-display":"","ast-banner-title-visibility":"","ast-main-header-display":"","ast-hfb-above-header-display":"","ast-hfb-below-header-display":"","ast-hfb-mobile-header-display":"","site-post-title":"disabled","ast-breadcrumbs-content":"","ast-featured-img":"disabled","footer-sml-layout":"","ast-disable-related-posts":"","theme-transparent-header-meta":"enabled","adv-header-id-meta":"","stick-header-meta":"","header-above-stick-meta":"","header-main-stick-meta":"","header-below-stick-meta":"","astra-migrate-meta-layouts":"set","ast-page-background-enabled":"default","ast-page-background-meta":{"desktop":{"background-color":"","background-image":"","background-repeat":"repeat","background-position":"center center","background-size":"auto","background-attachment":"scroll","background-type":"","background-media":"","overlay-type":"","overlay-color":"","overlay-opacity":"","overlay-gradient":""},"tablet":{"background-color":"","background-image":"","background-repeat":"repeat","background-position":"center center","background-size":"auto","background-attachment":"scroll","background-type":"","background-media":"","overlay-type":"","overlay-color":"","overlay-opacity":"","overlay-gradient":""},"mobile":{"background-color":"","background-image":"","background-repeat":"repeat","background-position":"center center","background-size":"auto","background-attachment":"scroll","background-type":"","background-media":"","overlay-type":"","overlay-color":"","overlay-opacity":"","overlay-gradient":""}},"ast-content-background-meta":{"desktop":{"background-color":"var(--ast-global-color-5)","background-image":"","background-repeat":"repeat","background-position":"center center","background-size":"auto","background-attachment":"scroll","background-type":"","background-media":"","overlay-type":"","overlay-color":"","overlay-opacity":"","overlay-gradient":""},"tablet":{"background-color":"var(--ast-global-color-5)","background-image":"","background-repeat":"repeat","background-position":"center center","background-size":"auto","background-attachment":"scroll","background-type":"","background-media":"","overlay-type":"","overlay-color":"","overlay-opacity":"","overlay-gradient":""},"mobile":{"background-color":"var(--ast-global-color-5)","background-image":"","background-repeat":"repeat","background-position":"center center","background-size":"auto","background-attachment":"scroll","background-type":"","background-media":"","overlay-type":"","overlay-color":"","overlay-opacity":"","overlay-gradient":""}},"footnotes":""},"class_list":["post-957","page","type-page","status-publish","hentry"],"uagb_featured_image_src":{"full":false,"thumbnail":false,"medium":false,"medium_large":false,"large":false,"1536x1536":false,"2048x2048":false},"uagb_author_info":{"display_name":"mgv-admin","author_link":"https:\/\/mgv-wahrenholz.de\/?author=1"},"uagb_comment_info":0,"uagb_excerpt":"Aktuelles Du kannst auch unsere \u00e4lteren Nachrichten lesen. Unsere n\u00e4chste Veranstaltung Du kannst auch alle unsere anstehenden Veranstaltungen ansehen. Wer sind wir? Wer sind wir? Zurzeit sind wir knapp 40 aktive S\u00e4nger, die sich auf zwei Tenor- und zwei Bass-Stimmen aufteilen. Und hier stellen wir uns vor. Musikalische Reise durch die Zeit Aus der Geschichte&hellip;","_links":{"self":[{"href":"https:\/\/mgv-wahrenholz.de\/index.php?rest_route=\/wp\/v2\/pages\/957","targetHints":{"allow":["GET"]}}],"collection":[{"href":"https:\/\/mgv-wahrenholz.de\/index.php?rest_route=\/wp\/v2\/pages"}],"about":[{"href":"https:\/\/mgv-wahrenholz.de\/index.php?rest_route=\/wp\/v2\/types\/page"}],"author":[{"embeddable":true,"href":"https:\/\/mgv-wahrenholz.de\/index.php?rest_route=\/wp\/v2\/users\/1"}],"replies":[{"embeddable":true,"href":"https:\/\/mgv-wahrenholz.de\/index.php?rest_route=%2Fwp%2Fv2%2Fcomments&post=957"}],"version-history":[{"count":45,"href":"https:\/\/mgv-wahrenholz.de\/index.php?rest_route=\/wp\/v2\/pages\/957\/revisions"}],"predecessor-version":[{"id":2954,"href":"https:\/\/mgv-wahrenholz.de\/index.php?rest_route=\/wp\/v2\/pages\/957\/revisions\/2954"}],"wp:attachment":[{"href":"https:\/\/mgv-wahrenholz.de\/index.php?rest_route=%2Fwp%2Fv2%2Fmedia&parent=957"}],"curies":[{"name":"wp","href":"https:\/\/api.w.org\/{rel}","templated":true}]}}