{"id":2762,"date":"2025-05-08T09:57:11","date_gmt":"2025-05-08T07:57:11","guid":{"rendered":"https:\/\/new.airnfield.cologne\/mgv-wv\/?page_id=2762"},"modified":"2025-07-27T12:26:07","modified_gmt":"2025-07-27T10:26:07","slug":"contact-3-2-2","status":"publish","type":"page","link":"https:\/\/mgv-wahrenholz.de\/?page_id=2762","title":{"rendered":"Chronik"},"content":{"rendered":"\n<div class=\"wp-block-uagb-container uagb-block-215e01d2 alignfull uagb-is-root-container\"><div class=\"uagb-container-inner-blocks-wrap\">\n<div class=\"wp-block-uagb-advanced-heading uagb-block-b5dc224c\"><h1 class=\"uagb-heading-text\">Musikalische Reise durch die Zeit<\/h1><p class=\"uagb-desc-text\">Aus der Geschichte des MGV<\/p><\/div>\n<\/div><\/div>\n\n\n\n<p>In fast 125 Jahren haben wir nat\u00fcrlich schon viel erlebt. In dieser Rubrik k\u00f6nnt ihr von unserem Archivar erfahren, was so alles beim MGV passiert ist.<\/p>\n\n\n<ul class=\"wp-block-latest-posts__list wp-block-latest-posts\"><li><a class=\"wp-block-latest-posts__post-title\" href=\"https:\/\/mgv-wahrenholz.de\/?p=2778\">Gr\u00fcndung des MGV im Jahre 1901<\/a><div class=\"wp-block-latest-posts__post-full-content\"><!-- wp:uagb\/info-box {\"classMigrate\":true,\"tempHeadingDesc\":\"\\u003cem\\u003eLang ist's her, aber dennoch gibt es in der Vereinschronik noch ein paar Erinnerungen an dieses Ereignis:\\u003c\/em\\u003e\",\"headingAlign\":\"left\",\"subHeadingColor\":\"\",\"source_type\":\"image\",\"block_id\":\"cc6e7bf1\",\"iconImage\":{\"id\":2127,\"title\":\"cropped-cropped-mgv-logo.png\",\"filename\":\"cropped-cropped-mgv-logo-e1746004936310.png\",\"url\":\"https:\/\/mgv-wahrenholz.de\/wp-content\/uploads\/2025\/04\/cropped-cropped-mgv-logo-e1746004936310.png\",\"link\":\"https:\/\/mgv-wahrenholz.de\/?attachment_id=2127\",\"alt\":\"\",\"author\":\"1\",\"description\":\"https:\/\/new.airnfield.cologne\/mgv-wv\/wp-content\/uploads\/2025\/04\/cropped-mgv-logo.png\",\"caption\":\"\",\"name\":\"cropped-cropped-mgv-logo-png\",\"status\":\"inherit\",\"uploadedTo\":2126,\"date\":\"2025-04-13T18:24:58.000Z\",\"modified\":\"2025-04-13T18:24:58.000Z\",\"menuOrder\":0,\"mime\":\"image\/png\",\"type\":\"image\",\"subtype\":\"png\",\"icon\":\"https:\/\/mgv-wahrenholz.de\/wp-includes\/images\/media\/default.svg\",\"dateFormatted\":\"13. April 2025\",\"nonces\":{\"update\":\"ddb2e3fb5a\",\"delete\":\"c0f33263fb\",\"edit\":\"e265a5489c\"},\"editLink\":\"https:\/\/mgv-wahrenholz.de\/wp-admin\/post.php?post=2127\\u0026amp;action=edit\",\"meta\":false,\"authorName\":\"mgv-admin\",\"authorLink\":\"https:\/\/mgv-wahrenholz.de\/wp-admin\/profile.php\",\"uploadedToTitle\":\"cropped-mgv-logo.png\",\"uploadedToLink\":\"https:\/\/mgv-wahrenholz.de\/wp-admin\/post.php?post=2126\\u0026amp;action=edit\",\"filesizeInBytes\":8045,\"filesizeHumanReadable\":\"8 kB\",\"context\":\"custom-logo\",\"height\":113,\"width\":105,\"orientation\":\"portrait\",\"sizes\":{\"full\":{\"url\":\"https:\/\/mgv-wahrenholz.de\/wp-content\/uploads\/2025\/04\/cropped-cropped-mgv-logo-e1746004936310.png\",\"height\":113,\"width\":105,\"orientation\":\"portrait\"}},\"compat\":{\"item\":\"\",\"meta\":\"\"},\"mediaStates\":\"Logo\"},\"imageSize\":\"full\",\"imgTagWidth\":105,\"btnBorderTopWidth\":1,\"btnBorderLeftWidth\":1,\"btnBorderRightWidth\":1,\"btnBorderBottomWidth\":1,\"btnBorderTopLeftRadius\":0,\"btnBorderTopRightRadius\":0,\"btnBorderBottomLeftRadius\":0,\"btnBorderBottomRightRadius\":0,\"btnBorderStyle\":\"solid\",\"btnBorderColor\":\"#333\"} -->\n<div class=\"wp-block-uagb-info-box uagb-block-cc6e7bf1 uagb-infobox__content-wrap  uagb-infobox-icon-above-title uagb-infobox-image-valign-top\"><div class=\"uagb-ifb-content\"><div class=\"uagb-ifb-image-content\"><img decoding=\"async\" src=\"https:\/\/mgv-wahrenholz.de\/wp-content\/uploads\/2025\/04\/cropped-cropped-mgv-logo-e1746004936310.png\" alt=\"\" width=\"\" height=\"0\" loading=\"lazy\" \/><\/div><div class=\"uagb-ifb-title-wrap\"><h3 class=\"uagb-ifb-title\">Gr\u00fcndung des MGV im Jahre 1901<\/h3><\/div><p class=\"uagb-ifb-desc\"><em>Lang ist&#8217;s her, aber dennoch gibt es in der Vereinschronik noch ein paar Erinnerungen an dieses Ereignis:<\/em><\/p><\/div><\/div>\n<!-- \/wp:uagb\/info-box -->\n\n<!-- wp:paragraph -->\n<p>Mehr als f\u00fcnfzig Jahre sind dar\u00fcber hingegangen, als unser heutiger M\u00e4nnergesangverein hier in Wahrenholz gegr\u00fcndet wurde. Gesungen wurde lange vordem, ein gemischter Chor, unter Lehrer \u00d6lschl\u00e4ger, und sp\u00e4ter H\u00f6sermann. Leider sind hiervon keine Aufzeichnungen mehr vorhanden. Viele treue Mitglieder weilen heute nicht mehr unter uns. Sie deckt der gr\u00fcne Rasen. Ihrer wollen wir stets in Ehre und Liebe gedenken und geloben, ihr Werk weiter zu pflegen und an unsere Jugend zu \u00fcbertragen. So werden es kommende Geschlechter \u00fcbernehmen.<\/p>\n<!-- \/wp:paragraph -->\n\n<!-- wp:paragraph -->\n<p>Es war Herbst 1901, als einige M\u00e4nner den Entschluss fassten, einen neuen Chor zu gr\u00fcnden. Sie lie\u00dfen durch den alten Nachtw\u00e4chter Meier ausrufen, dass alle M\u00e4nner, die gewillt w\u00e4ren mitzusingen, sich am folgenden Abend in der Gastwirtschaft Matthies einfinden sollten. Dieser Aufruf hatte vollen Erfolg, es erschienen ungef\u00e4hr sechzig Mann. Ein Zeichen gro\u00dfer Sangesfreudigkeit. So wurde an dem Abend dann unser heutiger M\u00e4nnergesangverein gegr\u00fcndet. Als \u00dcbungsabend wurde der Donnerstagabend festgesetzt. Die Dirigentschaft \u00fcbernahm der Lehrer Ernst Giesecke, der zu damaliger Zeit in Westerholz unterrichtete. Erster Vorstand wurde Heinrich Meier, Schneidermeister an der Kirche. Heinrich S\u00f6lter, Barbier, wurde Kassierer, beide ohne Stellvertreter.<\/p>\n<!-- \/wp:paragraph -->\n\n<!-- wp:paragraph -->\n<p>Der erste \u00dcbungsabend war gekommen. Es gab gro\u00dfe M\u00fche, diese vielen S\u00e4nger erstmal einzugliedern. Als erstes wurde mit dem Liede \u201eEintracht und Liebe&#8220; begonnen, welches mit Geige bzw. mit dem alten Matthiesschen Tafelklavier einge\u00fcbt wurde. Am ersten Gesangsabend wurde nicht viel erreicht. Als es dann aber am zweiten und dritten Abend noch nicht ging, verlor der Dirigent die Geduld, denn es waren doch wohl nicht alle S\u00e4nger mit musikalischem Geh\u00f6r, die sich gemeldet hatten. Der Chorleiter machte nun den Vorschlag, denjenigen, die sich nicht sicher glaubten, doch lieber passiv einzutreten. Erfolg war: am vierten \u00dcbungsabend erschienen noch zwanzig Mann, das war nun der Stamm, und so mithin die Gr\u00fcnder des Vereins. Jeder S\u00e4nger wurde nun nach vorangegangener Pr\u00fcfung in die richtige Stimme eingestuft. Das Singen klappte, auch das Lied \u201eEintracht und Liebe&#8220;.<\/p>\n<!-- \/wp:paragraph --><\/div><\/li>\n<\/ul>","protected":false},"excerpt":{"rendered":"<p>Musikalische Reise durch die Zeit Aus der Geschichte des MGV In fast 125 Jahren haben wir nat\u00fcrlich schon viel erlebt. In dieser Rubrik k\u00f6nnt ihr von unserem Archivar erfahren, was so alles beim MGV passiert ist.<\/p>\n","protected":false},"author":1,"featured_media":0,"parent":0,"menu_order":0,"comment_status":"closed","ping_status":"closed","template":"","meta":{"_uag_custom_page_level_css":"","site-sidebar-layout":"no-sidebar","site-content-layout":"plain-container","ast-site-content-layout":"normal-width-container","site-content-style":"unboxed","site-sidebar-style":"unboxed","ast-global-header-display":"","ast-banner-title-visibility":"","ast-main-header-display":"","ast-hfb-above-header-display":"","ast-hfb-below-header-display":"","ast-hfb-mobile-header-display":"","site-post-title":"disabled","ast-breadcrumbs-content":"","ast-featured-img":"disabled","footer-sml-layout":"","ast-disable-related-posts":"","theme-transparent-header-meta":"enabled","adv-header-id-meta":"","stick-header-meta":"","header-above-stick-meta":"","header-main-stick-meta":"","header-below-stick-meta":"","astra-migrate-meta-layouts":"set","ast-page-background-enabled":"default","ast-page-background-meta":{"desktop":{"background-color":"","background-image":"","background-repeat":"repeat","background-position":"center center","background-size":"auto","background-attachment":"scroll","background-type":"","background-media":"","overlay-type":"","overlay-color":"","overlay-opacity":"","overlay-gradient":""},"tablet":{"background-color":"","background-image":"","background-repeat":"repeat","background-position":"center center","background-size":"auto","background-attachment":"scroll","background-type":"","background-media":"","overlay-type":"","overlay-color":"","overlay-opacity":"","overlay-gradient":""},"mobile":{"background-color":"","background-image":"","background-repeat":"repeat","background-position":"center center","background-size":"auto","background-attachment":"scroll","background-type":"","background-media":"","overlay-type":"","overlay-color":"","overlay-opacity":"","overlay-gradient":""}},"ast-content-background-meta":{"desktop":{"background-color":"var(--ast-global-color-5)","background-image":"","background-repeat":"repeat","background-position":"center center","background-size":"auto","background-attachment":"scroll","background-type":"","background-media":"","overlay-type":"","overlay-color":"","overlay-opacity":"","overlay-gradient":""},"tablet":{"background-color":"var(--ast-global-color-5)","background-image":"","background-repeat":"repeat","background-position":"center center","background-size":"auto","background-attachment":"scroll","background-type":"","background-media":"","overlay-type":"","overlay-color":"","overlay-opacity":"","overlay-gradient":""},"mobile":{"background-color":"var(--ast-global-color-5)","background-image":"","background-repeat":"repeat","background-position":"center center","background-size":"auto","background-attachment":"scroll","background-type":"","background-media":"","overlay-type":"","overlay-color":"","overlay-opacity":"","overlay-gradient":""}},"footnotes":""},"class_list":["post-2762","page","type-page","status-publish","hentry"],"uagb_featured_image_src":{"full":false,"thumbnail":false,"medium":false,"medium_large":false,"large":false,"1536x1536":false,"2048x2048":false,"smart-post-landscape":false,"smart-post-portrait":false},"uagb_author_info":{"display_name":"mgv-admin","author_link":"https:\/\/mgv-wahrenholz.de\/?author=1"},"uagb_comment_info":0,"uagb_excerpt":"Musikalische Reise durch die Zeit Aus der Geschichte des MGV In fast 125 Jahren haben wir nat\u00fcrlich schon viel erlebt. In dieser Rubrik k\u00f6nnt ihr von unserem Archivar erfahren, was so alles beim MGV passiert ist.","_links":{"self":[{"href":"https:\/\/mgv-wahrenholz.de\/index.php?rest_route=\/wp\/v2\/pages\/2762","targetHints":{"allow":["GET"]}}],"collection":[{"href":"https:\/\/mgv-wahrenholz.de\/index.php?rest_route=\/wp\/v2\/pages"}],"about":[{"href":"https:\/\/mgv-wahrenholz.de\/index.php?rest_route=\/wp\/v2\/types\/page"}],"author":[{"embeddable":true,"href":"https:\/\/mgv-wahrenholz.de\/index.php?rest_route=\/wp\/v2\/users\/1"}],"replies":[{"embeddable":true,"href":"https:\/\/mgv-wahrenholz.de\/index.php?rest_route=%2Fwp%2Fv2%2Fcomments&post=2762"}],"version-history":[{"count":4,"href":"https:\/\/mgv-wahrenholz.de\/index.php?rest_route=\/wp\/v2\/pages\/2762\/revisions"}],"predecessor-version":[{"id":2836,"href":"https:\/\/mgv-wahrenholz.de\/index.php?rest_route=\/wp\/v2\/pages\/2762\/revisions\/2836"}],"wp:attachment":[{"href":"https:\/\/mgv-wahrenholz.de\/index.php?rest_route=%2Fwp%2Fv2%2Fmedia&parent=2762"}],"curies":[{"name":"wp","href":"https:\/\/api.w.org\/{rel}","templated":true}]}}