{"id":2170,"date":"2025-04-14T11:56:47","date_gmt":"2025-04-14T09:56:47","guid":{"rendered":"https:\/\/new.airnfield.cologne\/mgv-wv\/?page_id=2170"},"modified":"2025-08-12T21:40:28","modified_gmt":"2025-08-12T19:40:28","slug":"contact-3-2","status":"publish","type":"page","link":"https:\/\/mgv-wahrenholz.de\/?page_id=2170","title":{"rendered":"Proben"},"content":{"rendered":"\n<div class=\"wp-block-uagb-container uagb-block-215e01d2 alignfull uagb-is-root-container\"><div class=\"uagb-container-inner-blocks-wrap\">\n<div class=\"wp-block-uagb-advanced-heading uagb-block-b5dc224c\"><h1 class=\"uagb-heading-text\">Wir suchen dich!<\/h1><p class=\"uagb-desc-text\">Denn singen kann jeder&#8230;<\/p><\/div>\n<\/div><\/div>\n\n\n\n<p>Diesen Brief vom M\u00e4nnergesangverein Wahrenholz-Vorhop (MGV) haben wir verfasst, weil wir hoffen, dass Du dem MGV eine Chance gibst, einmal bei einem Probeabend unseres Vereins dabei zu sein.<\/p>\n\n\n\n<p>Vielleicht wurdest Du schon das ein oder andere Mal von einem Sangesbruder darauf angesprochen, doch einfach mal an einem \u00dcbungsabend reinzuschauen, denn nat\u00fcrlich versuchen wir immer wieder, potenzielle S\u00e4nger f\u00fcr den MGV zu begeistern. <\/p>\n\n\n\n<p>Dabei bekommen wir oft Absagen mit den unterschiedlichsten Begr\u00fcndungen. Einige m\u00f6chten wir hier einmal auflisten und eine kurze Erkl\u00e4rung dazu abgeben, dass es vielleicht doch nicht so ist.<\/p>\n\n\n\n<p><strong>Ich muss sehr fr\u00fch raus bzw. bin beruflich stark eingebunden.<\/strong><\/p>\n\n\n\n<p>Vieler unserer S\u00e4nger sind wie Du Arbeitnehmer. Wir sind auch wie Du der Meinung, dass ein Verein kein unbedeutender zus\u00e4tzlicher Aufwand zum Berufsalltag ist. Aber Musik, der Zusammenhalt im Verein und soziale Kontakte sind eine super Abwechslung zum Alltag. Unser MGV bietet Dir alles drei! Und wenn man sich nach dem Singabend schnell \u201eloseist&#8220; ist man auch wirklich sp\u00e4testens um 22.00 Uhr zu Hause.<\/p>\n\n\n\n<p><strong>Ich kann nicht regelm\u00e4\u00dfig zum \u00dcben sowie den Auftritten kommen.<\/strong><\/p>\n\n\n\n<p>Da wir noch in der gl\u00fccklichen Position sind, \u00fcber 30 aktive S\u00e4nger zu haben, und durch Dich in Zukunft vielleicht noch weiter wachsen, herrscht kein Zwang, bei jedem \u00dcbungsabend oder S\u00e4ngDa wir noch in der gl\u00fccklichen Position sind, \u00fcber 30 aktive S\u00e4nger zu haben, und durch Dich in Zukunft vielleicht noch weiter wachsen, herrscht kein Zwang, bei jedem \u00dcbungsabend oder S\u00e4ngerauftritt dabei zu sein. Das macht einen starken Verein dann auch aus. Wir haben Schichtarbeiter, die nur jede dritte Woche zum \u00dcbungsabend kommen k\u00f6nnen, und wir sind froh, dass es sie gibt. Dies ist gl\u00fccklicherweise in einem starken Gesangverein verkraftbar.<\/p>\n\n\n\n<p><strong>Frag mich nochmal, wenn ich Rentner bin.<\/strong><\/p>\n\n\n\n<p>Dem Irrglauben, dass der Verein nur aus Rentnern besteht, k\u00f6nnen wir guten Herzens widersprechen. Unsere Altersstruktur umfasst eine Spanne, die bei Mitte 30 beginnt; auch haben wir noch einen ganzen Anteil S\u00e4nger unter 60. Und ganz viele der \u00e4lteren S\u00e4nger haben mal in jungen Jahren angefangen. Auch unser Liedgut ist bunt gemischt, wobei wir den Schwerpunkt in den letzten Jahren immer mehr zu moderneren Liedern verlegt haben. Wir singen von Beethoven bis zu den \u201eToten Hosen\u201c, so dass f\u00fcr Jeden was dabei ist! Auch abseits des Gesangs mal mit allen Altersgruppen ins Gespr\u00e4ch zu kommen, ist eine willkommene Abwechslung zum Alltag. Und zu unseren geselligen Veranstaltungen wie z.B. dem S\u00e4ngerball und Ausfl\u00fcgen sind auch die Partnerinnen herzlich willkommen.<\/p>\n\n\n\n<p><strong>Das kostet doch bestimmt einen Haufen Geldl<\/strong><\/p>\n\n\n\n<p>Unsere Proben finden zwar im Gasthof Sch\u00f6necke statt, jedoch haben wir f\u00fcr die Getr\u00e4nke im Gesangszimmer Sonderpreise. Auch die vom Verein erhobenen Beitr\u00e4ge und Umlagen sind moderat und kommen nat\u00fcrlich gerade den aktiven S\u00e4ngern in vielerlei Weise zu Gute.<\/p>\n\n\n\n<p>An dieser Stelle sei auch noch gesagt, dass wenn es am Ende keinen Spa\u00df macht, niemand entt\u00e4uscht oder sauer auf Dich w\u00e4re. Denn wenn man es nicht versucht, kann man es nicht wissen.<\/p>\n\n\n\n<p><strong>Ich kann nicht singen!<\/strong><\/p>\n\n\n\n<p>In einer Gruppe von S\u00e4ngern, die auch noch in vier Stimmen unterteilt wird, z\u00e4hlt die Gemeinschaft. Die verschiedenen Arten und Farben einer Gesangstimme bilden nachher den jeweiligen Klang. Wir sind alle keine Profis, und niemand muss einzeln vorsingen. Jede Stimme ist eine Verst\u00e4rkung &#8211; Du wirst es sehen und h\u00f6ren.<\/p>\n\n\n\n<p>Nun genug der Worte. Lass uns doch einfach gemeinsam durch Taten sprechen.<\/p>\n\n\n\n<p class=\"has-link-color wp-elements-04135984dc96ade030adfbddccff431e\">Melde dich doch einfach bei einem unserer Vorst\u00e4nde (Olaf Balke, Karl-Heinz Pohl, R\u00fcdiger Vopel, Heinrich Bente oder Eckhard Evers) oder schreibe eine E-Mail an <a href=\"mailto:vorstand@mgv-wahrenholz.de\">vorstand@mgv-wahrenholz.de<\/a>.<\/p>\n\n\n\n<p> Oder komme direkt an einem Freitag zu 19.30 Uhr in den Gasthof Sch\u00f6necke zum \u00dcbungsabend. Nach vorheriger Absprache nehmen wir Dich auch gerne schon ab 19:00 Uhr in Sch\u00f6neckes Gaststube in Empfang&#8230;<\/p>\n\n\n\n<div class=\"wp-block-uagb-image uagb-block-25654a9b wp-block-uagb-image--layout-default wp-block-uagb-image--effect-static wp-block-uagb-image--align-none\"><figure class=\"wp-block-uagb-image__figure\"><img decoding=\"async\" srcset=\"https:\/\/mgv-wahrenholz.de\/wp-content\/uploads\/2025\/08\/MGV-Karte-854x1024.png ,https:\/\/mgv-wahrenholz.de\/wp-content\/uploads\/2025\/08\/MGV-Karte.png 780w, https:\/\/mgv-wahrenholz.de\/wp-content\/uploads\/2025\/08\/MGV-Karte.png 360w\" sizes=\"auto, (max-width: 480px) 150px\" src=\"https:\/\/mgv-wahrenholz.de\/wp-content\/uploads\/2025\/08\/MGV-Karte-854x1024.png\" alt=\"\" class=\"uag-image-2880\" width=\"854\" height=\"1024\" title=\"MGV-Karte\" loading=\"lazy\" role=\"img\"\/><\/figure><\/div>\n\n\n\n<p class=\"has-link-color wp-elements-6664f2ad5c625f39c28fc73418b1c4dc\" style=\"border-style:none;border-width:0px\">Wenn du uns vorab mal h\u00f6ren m\u00f6chtest, findest du hier <a href=\"https:\/\/mgv-wahrenholz.de\/?page_id=2138\" data-type=\"page\" data-id=\"2138\">unsere n\u00e4chsten Veranstaltungen<\/a>. <\/p>\n\n\n\n<p class=\"has-link-color wp-elements-cdb1fb0e53433cb68a8de20c4ccb2ca6\" style=\"margin-top:var(--wp--preset--spacing--40);margin-bottom:var(--wp--preset--spacing--40)\">Egal ob aktiv als S\u00e4nger oder passiv als F\u00f6rdermitglied, f\u00fcr deine Unterst\u00fctzung findest du hier die <a href=\"https:\/\/mgv-wahrenholz.de\/wp-content\/uploads\/2025\/07\/Eintrittserklaerung-1.pdf\" data-type=\"page\" data-id=\"2141\">Eintrittserkl\u00e4rung<\/a>, die du uns ausgedruckt oder per E-Mail zusenden kannst.<\/p>\n","protected":false},"excerpt":{"rendered":"<p>Wir suchen dich! Denn singen kann jeder&#8230; Diesen Brief vom M\u00e4nnergesangverein Wahrenholz-Vorhop (MGV) haben wir verfasst, weil wir hoffen, dass Du dem MGV eine Chance gibst, einmal bei einem Probeabend unseres Vereins dabei zu sein. Vielleicht wurdest Du schon das ein oder andere Mal von einem Sangesbruder darauf angesprochen, doch einfach mal an einem \u00dcbungsabend [&hellip;]<\/p>\n","protected":false},"author":1,"featured_media":0,"parent":0,"menu_order":0,"comment_status":"closed","ping_status":"closed","template":"","meta":{"_uag_custom_page_level_css":"","site-sidebar-layout":"no-sidebar","site-content-layout":"plain-container","ast-site-content-layout":"normal-width-container","site-content-style":"unboxed","site-sidebar-style":"unboxed","ast-global-header-display":"","ast-banner-title-visibility":"","ast-main-header-display":"","ast-hfb-above-header-display":"","ast-hfb-below-header-display":"","ast-hfb-mobile-header-display":"","site-post-title":"disabled","ast-breadcrumbs-content":"","ast-featured-img":"disabled","footer-sml-layout":"","ast-disable-related-posts":"","theme-transparent-header-meta":"enabled","adv-header-id-meta":"","stick-header-meta":"","header-above-stick-meta":"","header-main-stick-meta":"","header-below-stick-meta":"","astra-migrate-meta-layouts":"set","ast-page-background-enabled":"default","ast-page-background-meta":{"desktop":{"background-color":"","background-image":"","background-repeat":"repeat","background-position":"center center","background-size":"auto","background-attachment":"scroll","background-type":"","background-media":"","overlay-type":"","overlay-color":"","overlay-opacity":"","overlay-gradient":""},"tablet":{"background-color":"","background-image":"","background-repeat":"repeat","background-position":"center center","background-size":"auto","background-attachment":"scroll","background-type":"","background-media":"","overlay-type":"","overlay-color":"","overlay-opacity":"","overlay-gradient":""},"mobile":{"background-color":"","background-image":"","background-repeat":"repeat","background-position":"center center","background-size":"auto","background-attachment":"scroll","background-type":"","background-media":"","overlay-type":"","overlay-color":"","overlay-opacity":"","overlay-gradient":""}},"ast-content-background-meta":{"desktop":{"background-color":"var(--ast-global-color-5)","background-image":"","background-repeat":"repeat","background-position":"center center","background-size":"auto","background-attachment":"scroll","background-type":"","background-media":"","overlay-type":"","overlay-color":"","overlay-opacity":"","overlay-gradient":""},"tablet":{"background-color":"var(--ast-global-color-5)","background-image":"","background-repeat":"repeat","background-position":"center center","background-size":"auto","background-attachment":"scroll","background-type":"","background-media":"","overlay-type":"","overlay-color":"","overlay-opacity":"","overlay-gradient":""},"mobile":{"background-color":"var(--ast-global-color-5)","background-image":"","background-repeat":"repeat","background-position":"center center","background-size":"auto","background-attachment":"scroll","background-type":"","background-media":"","overlay-type":"","overlay-color":"","overlay-opacity":"","overlay-gradient":""}},"footnotes":""},"class_list":["post-2170","page","type-page","status-publish","hentry"],"uagb_featured_image_src":{"full":false,"thumbnail":false,"medium":false,"medium_large":false,"large":false,"1536x1536":false,"2048x2048":false,"smart-post-landscape":false,"smart-post-portrait":false},"uagb_author_info":{"display_name":"mgv-admin","author_link":"https:\/\/mgv-wahrenholz.de\/?author=1"},"uagb_comment_info":0,"uagb_excerpt":"Wir suchen dich! Denn singen kann jeder&#8230; Diesen Brief vom M\u00e4nnergesangverein Wahrenholz-Vorhop (MGV) haben wir verfasst, weil wir hoffen, dass Du dem MGV eine Chance gibst, einmal bei einem Probeabend unseres Vereins dabei zu sein. Vielleicht wurdest Du schon das ein oder andere Mal von einem Sangesbruder darauf angesprochen, doch einfach mal an einem \u00dcbungsabend&hellip;","_links":{"self":[{"href":"https:\/\/mgv-wahrenholz.de\/index.php?rest_route=\/wp\/v2\/pages\/2170","targetHints":{"allow":["GET"]}}],"collection":[{"href":"https:\/\/mgv-wahrenholz.de\/index.php?rest_route=\/wp\/v2\/pages"}],"about":[{"href":"https:\/\/mgv-wahrenholz.de\/index.php?rest_route=\/wp\/v2\/types\/page"}],"author":[{"embeddable":true,"href":"https:\/\/mgv-wahrenholz.de\/index.php?rest_route=\/wp\/v2\/users\/1"}],"replies":[{"embeddable":true,"href":"https:\/\/mgv-wahrenholz.de\/index.php?rest_route=%2Fwp%2Fv2%2Fcomments&post=2170"}],"version-history":[{"count":17,"href":"https:\/\/mgv-wahrenholz.de\/index.php?rest_route=\/wp\/v2\/pages\/2170\/revisions"}],"predecessor-version":[{"id":2881,"href":"https:\/\/mgv-wahrenholz.de\/index.php?rest_route=\/wp\/v2\/pages\/2170\/revisions\/2881"}],"wp:attachment":[{"href":"https:\/\/mgv-wahrenholz.de\/index.php?rest_route=%2Fwp%2Fv2%2Fmedia&parent=2170"}],"curies":[{"name":"wp","href":"https:\/\/api.w.org\/{rel}","templated":true}]}}